{"id":130,"date":"2021-10-24T15:02:38","date_gmt":"2021-10-24T15:02:38","guid":{"rendered":"https:\/\/euromonte.pt\/?page_id=130"},"modified":"2021-10-24T15:27:42","modified_gmt":"2021-10-24T15:27:42","slug":"politica-de-cookies","status":"publish","type":"page","link":"https:\/\/euromonte.pt\/?page_id=130","title":{"rendered":"Pol\u00edtica de Cookies"},"content":{"rendered":"<p>[et_pb_section fb_built=&#8221;1&#8243; _builder_version=&#8221;3.22&#8243;][et_pb_row _builder_version=&#8221;3.25&#8243; background_size=&#8221;initial&#8221; background_position=&#8221;top_left&#8221; background_repeat=&#8221;repeat&#8221;][et_pb_column type=&#8221;4_4&#8243; _builder_version=&#8221;3.25&#8243; custom_padding=&#8221;|||&#8221; custom_padding__hover=&#8221;|||&#8221;][et_pb_text _builder_version=&#8221;4.9.4&#8243; background_size=&#8221;initial&#8221; background_position=&#8221;top_left&#8221; background_repeat=&#8221;repeat&#8221; hover_enabled=&#8221;0&#8243; sticky_enabled=&#8221;0&#8243;]<\/p>\n<h1 id=\"page-title\" class=\"title\">Uso de cookies no site da Euromonte, Lda<\/h1>\n<h1 class=\"title\">O que s\u00e3o cookies?<\/h1>\n<p>&nbsp;<\/p>\n<p>Os Cookies s\u00e3o pequenos ficheiros de texto que s\u00e3o enviados para o seu computador quando visita um site.<\/p>\n<p>Os cookies no nosso site t\u00eam v\u00e1rias fun\u00e7\u00f5es como por exemplo permitir navegar entre p\u00e1ginas de uma forma mais eficiente, armazenar as suas prefer\u00eancias e melhorar a sua experi\u00eancia ao longo da sua visita.<\/p>\n<p>A Diretiva 2009\/136\/CE da UE declara que podemos armazenar cookies no seu dispositivo, caso estes sejam essenciais para o funcionamento do site, mas que para todos os restantes \u00e9 necess\u00e1rio a sua permiss\u00e3o.<\/p>\n<p class=\"mb\">O site da Euromonte, Lda pode usar alguns cookies n\u00e3o-essenciais. N\u00e3o os usamos \u00a0para localizar utilizadores individuais ou mesmo para os identificar, apenas para ter um melhor conhecimento sobre como o site \u00e9 utilizado, de modo a podermos continuar a melhor\u00e1-lo para os seus utilizadores. Sem o conhecimento destes mesmos cookies n\u00e3o poder\u00edamos prestar o servi\u00e7o que prestamos.<\/p>\n<p>[\/et_pb_text][\/et_pb_column][\/et_pb_row][\/et_pb_section]<\/p>\n","protected":false},"excerpt":{"rendered":"<p>[et_pb_section fb_built=&#8221;1&#8243; _builder_version=&#8221;3.22&#8243;][et_pb_row _builder_version=&#8221;3.25&#8243; background_size=&#8221;initial&#8221; background_position=&#8221;top_left&#8221; background_repeat=&#8221;repeat&#8221;][et_pb_column type=&#8221;4_4&#8243; _builder_version=&#8221;3.25&#8243; custom_padding=&#8221;|||&#8221; custom_padding__hover=&#8221;|||&#8221;][et_pb_text _builder_version=&#8221;4.9.4&#8243; background_size=&#8221;initial&#8221; background_position=&#8221;top_left&#8221; background_repeat=&#8221;repeat&#8221; hover_enabled=&#8221;0&#8243; sticky_enabled=&#8221;0&#8243;] Uso de cookies no site da Euromonte, Lda O que s\u00e3o cookies? &nbsp; Os Cookies s\u00e3o pequenos ficheiros de texto que s\u00e3o enviados para o seu computador quando visita um site. Os cookies no nosso site t\u00eam v\u00e1rias [&hellip;]<\/p>\n","protected":false},"author":1,"featured_media":0,"parent":0,"menu_order":0,"comment_status":"closed","ping_status":"closed","template":"","meta":{"_et_pb_use_builder":"on","_et_pb_old_content":"<h1 id=\"page-title\" class=\"title\">Uso de cookies no site da Certifica-Servi\u00e7os, Lda<\/h1><h1 class=\"title\">O que s\u00e3o cookies?<\/h1><p>\u00a0<\/p><p>Os Cookies s\u00e3o pequenos ficheiros de texto que s\u00e3o enviados para o seu computador quando visita um site.<\/p><p>Os cookies no nosso site t\u00eam v\u00e1rias fun\u00e7\u00f5es como por exemplo permitir navegar entre p\u00e1ginas de uma forma mais eficiente, armazenar as suas prefer\u00eancias e melhorar a sua experi\u00eancia ao longo da sua visita.<\/p><p>A Diretiva 2009\/136\/CE da UE declara que podemos armazenar cookies no seu dispositivo, caso estes sejam essenciais para o funcionamento do site, mas que para todos os restantes \u00e9 necess\u00e1rio a sua permiss\u00e3o.<\/p><p class=\"mb\">O site da Euromonte, Lda pode usar alguns cookies n\u00e3o-essenciais. N\u00e3o os usamos \u00a0para localizar utilizadores individuais ou mesmo para os identificar, apenas para ter um melhor conhecimento sobre como o site \u00e9 utilizado, de modo a podermos continuar a melhor\u00e1-lo para os seus utilizadores. Sem o conhecimento destes mesmos cookies n\u00e3o poder\u00edamos prestar o servi\u00e7o que prestamos.<\/p>","_et_gb_content_width":""},"_links":{"self":[{"href":"https:\/\/euromonte.pt\/index.php?rest_route=\/wp\/v2\/pages\/130"}],"collection":[{"href":"https:\/\/euromonte.pt\/index.php?rest_route=\/wp\/v2\/pages"}],"about":[{"href":"https:\/\/euromonte.pt\/index.php?rest_route=\/wp\/v2\/types\/page"}],"author":[{"embeddable":true,"href":"https:\/\/euromonte.pt\/index.php?rest_route=\/wp\/v2\/users\/1"}],"replies":[{"embeddable":true,"href":"https:\/\/euromonte.pt\/index.php?rest_route=%2Fwp%2Fv2%2Fcomments&post=130"}],"version-history":[{"count":4,"href":"https:\/\/euromonte.pt\/index.php?rest_route=\/wp\/v2\/pages\/130\/revisions"}],"predecessor-version":[{"id":141,"href":"https:\/\/euromonte.pt\/index.php?rest_route=\/wp\/v2\/pages\/130\/revisions\/141"}],"wp:attachment":[{"href":"https:\/\/euromonte.pt\/index.php?rest_route=%2Fwp%2Fv2%2Fmedia&parent=130"}],"curies":[{"name":"wp","href":"https:\/\/api.w.org\/{rel}","templated":true}]}}